{"id":27,"date":"2023-12-06T12:51:42","date_gmt":"2023-12-06T12:51:42","guid":{"rendered":"https:\/\/famelifemagazin.com\/?page_id=27"},"modified":"2024-10-08T15:14:22","modified_gmt":"2024-10-08T15:14:22","slug":"iletisim","status":"publish","type":"page","link":"https:\/\/famelifemagazin.com\/?page_id=27","title":{"rendered":"\u0130LET\u0130\u015e\u0130M"},"content":{"rendered":"<div class=\"wp-block-image\">\n<figure class=\"aligncenter size-full is-resized\"><img loading=\"lazy\" decoding=\"async\" width=\"756\" height=\"486\" src=\"https:\/\/famelifemagazin.com\/wp-content\/uploads\/2023\/12\/LOGO-211.jpg\" alt=\"\" class=\"wp-image-7\" style=\"width:551px;height:auto\" srcset=\"https:\/\/famelifemagazin.com\/wp-content\/uploads\/2023\/12\/LOGO-211.jpg 756w, https:\/\/famelifemagazin.com\/wp-content\/uploads\/2023\/12\/LOGO-211-300x193.jpg 300w\" sizes=\"auto, (max-width: 756px) 100vw, 756px\" \/><\/figure>\n<\/div>\n\n\n<h2 class=\"wp-block-heading has-text-align-center\">Ruhi An\u0131lan \/\/ Kurucu Ba\u015fkan<\/h2>\n\n\n<div class=\"wp-block-image\">\n<figure class=\"aligncenter\"><img decoding=\"async\" src=\"https:\/\/www.famemodelturkiye.com\/wp-content\/uploads\/2023\/03\/indir.png\" alt=\"\" class=\"wp-image-363\"\/><\/figure>\n<\/div>\n\n\n<h3 class=\"wp-block-heading has-text-align-center\">Tel. GSM:&nbsp;<a rel=\"noreferrer noopener\" href=\"tel:0 532 711 1112\" target=\"_blank\">0 532 711 1112<\/a><\/h3>\n\n\n\n<h3 class=\"wp-block-heading\"><\/h3>\n\n\n<div class=\"wp-block-image\">\n<figure class=\"aligncenter is-resized\"><img decoding=\"async\" src=\"https:\/\/www.famemodelturkiye.com\/wp-content\/uploads\/2023\/03\/mailbox.jpg\" alt=\"\" class=\"wp-image-365\" style=\"width:451px;height:auto\"\/><\/figure>\n<\/div>\n\n\n<h4 class=\"wp-block-heading has-text-align-center\">destek@famelifemagazin.com<\/h4>\n","protected":false},"excerpt":{"rendered":"<p>Ruhi An\u0131lan \/\/ Kurucu Ba\u015fkan Tel. GSM:&nbsp;0 532 711 1112 destek@famelifemagazin.com<\/p>\n","protected":false},"author":1,"featured_media":0,"parent":0,"menu_order":0,"comment_status":"closed","ping_status":"closed","template":"","meta":{"footnotes":""},"class_list":["post-27","page","type-page","status-publish","hentry"],"_links":{"self":[{"href":"https:\/\/famelifemagazin.com\/index.php?rest_route=\/wp\/v2\/pages\/27","targetHints":{"allow":["GET"]}}],"collection":[{"href":"https:\/\/famelifemagazin.com\/index.php?rest_route=\/wp\/v2\/pages"}],"about":[{"href":"https:\/\/famelifemagazin.com\/index.php?rest_route=\/wp\/v2\/types\/page"}],"author":[{"embeddable":true,"href":"https:\/\/famelifemagazin.com\/index.php?rest_route=\/wp\/v2\/users\/1"}],"replies":[{"embeddable":true,"href":"https:\/\/famelifemagazin.com\/index.php?rest_route=%2Fwp%2Fv2%2Fcomments&post=27"}],"version-history":[{"count":2,"href":"https:\/\/famelifemagazin.com\/index.php?rest_route=\/wp\/v2\/pages\/27\/revisions"}],"predecessor-version":[{"id":3400,"href":"https:\/\/famelifemagazin.com\/index.php?rest_route=\/wp\/v2\/pages\/27\/revisions\/3400"}],"wp:attachment":[{"href":"https:\/\/famelifemagazin.com\/index.php?rest_route=%2Fwp%2Fv2%2Fmedia&parent=27"}],"curies":[{"name":"wp","href":"https:\/\/api.w.org\/{rel}","templated":true}]}}