{"id":21,"date":"2023-12-06T12:48:07","date_gmt":"2023-12-06T12:48:07","guid":{"rendered":"https:\/\/famelifemagazin.com\/?page_id=21"},"modified":"2024-10-08T15:14:00","modified_gmt":"2024-10-08T15:14:00","slug":"hakkimizda","status":"publish","type":"page","link":"https:\/\/famelifemagazin.com\/?page_id=21","title":{"rendered":"HAKKIMIZDA"},"content":{"rendered":"\n<figure class=\"wp-block-image size-full is-resized\"><img loading=\"lazy\" decoding=\"async\" width=\"720\" height=\"772\" src=\"https:\/\/famelifemagazin.com\/wp-content\/uploads\/2023\/12\/WhatsApp-Gorsel-2023-03-25-saat-08.34.26.jpg\" alt=\"\" class=\"wp-image-22\" style=\"width:271px;height:auto\" srcset=\"https:\/\/famelifemagazin.com\/wp-content\/uploads\/2023\/12\/WhatsApp-Gorsel-2023-03-25-saat-08.34.26.jpg 720w, https:\/\/famelifemagazin.com\/wp-content\/uploads\/2023\/12\/WhatsApp-Gorsel-2023-03-25-saat-08.34.26-280x300.jpg 280w\" sizes=\"auto, (max-width: 720px) 100vw, 720px\" \/><\/figure>\n\n\n\n<p><\/p>\n\n\n\n<p>Merhaba, <\/p>\n\n\n\n<p>Uzun y\u0131llar sekt\u00f6rde \u00e7e\u015fitli departmanlarda g\u00f6rev alm\u0131\u015f profesyoneller, engelli dostlar\u0131m\u0131z ve profesyonel olmaya inanm\u0131\u015f arkada\u015flar\u0131m\u0131zla, sahip oldu\u011fumuz bilgi, birikim ve imkanlar\u0131m\u0131z\u0131 daha geni\u015f kitlelere yaymak faydal\u0131 olabilmek i\u00e7in kullanmam\u0131z\u0131n yararl\u0131 olaca\u011f\u0131n\u0131 biliyoruz ve buraday\u0131z\u2026 Sizlerleyiz\u2026 \u00c7ok keyifli\u2026<\/p>\n\n\n\n<p>Hepimizin vazge\u00e7ilmez hayalleri ve hedefleri vard\u0131r. Baz\u0131lar\u0131m\u0131z her yapt\u0131\u011f\u0131 i\u015fte ba\u015far\u0131l\u0131 olmak i\u00e7in u\u011fra\u015f\u0131r, baz\u0131lar\u0131m\u0131z yaln\u0131zca mutlu olmak ister. Hayallerinize, potansiyelinize, ba\u015far\u0131ya ve mutlulu\u011fa ula\u015fabilmeniz i\u00e7in yorulmadan sizin ad\u0131n\u0131za her ne g\u00f6rmek ya da ya\u015fam\u0131n\u0131z i\u00e7inde ne var olmas\u0131n\u0131 istiyorsan\u0131z en iyisini ula\u015ft\u0131rmak i\u00e7in \u00e7al\u0131\u015f\u0131yoruz, \u00e7al\u0131\u015faca\u011f\u0131z\u2026 \u00c7ok uzun bir yolumuz var\u2026<\/p>\n\n\n\n<p>Her yapt\u0131\u011f\u0131m\u0131z \u00e7al\u0131\u015fmayla, T\u00fcrkiye\u2019de Medya sekt\u00f6r\u00fcnde magazin haber konusun da yeni bir vizyon katmak istiyoruz. Sizlere keyifle, huzurla, g\u00fcven ile okuyaca\u011f\u0131z haberler \u00f6nerece\u011fiz. Takip edilecek, \u0131srarla aranacak magazin haberlerini sizlere sunmak istiyoruz\u2026 \u00c7ok profesyonel bir kadro olu\u015fturduk\u2026<\/p>\n\n\n\n<p>Ayr\u0131ca gen\u00e7 yeteneklere de yer vermeye ba\u015flad\u0131k\u2026 T\u00fcm hepimiz mutlu al\u0131\u015fveri\u015fler felsefesi d\u00e2hilinde \u00fcyelerimizin ihtiya\u00e7lar\u0131n\u0131 her zaman \u00f6n planda tutarak yerel ve ulusal bazl\u0131 projeler haz\u0131rl\u0131yoruz\u2026 Bu projeler \u00fcyelerimizin i\u00e7 g\u00f6r\u00fcleri neticesinde olu\u015fturulup planlanan, haz\u0131rlanan keyifli, huzurlu, g\u00fcvenli programlar\u0131 kaps\u0131yor. Bunun yan\u0131nda t\u00fcm okuyucular\u0131m\u0131z\u0131n hayatlar\u0131n\u0131 kolayla\u015ft\u0131r\u0131c\u0131 ve tasarruf ettirici \u00f6zellikleriyle temeli sayg\u0131 ve sevgi olan projeler geli\u015ftirdik\u2026<\/p>\n\n\n\n<p>\u0130nsana sayg\u0131 misyonu ile yola \u00e7\u0131kan bizler, t\u00fcm faaliyetlerini bu \u00e7er\u00e7evede ger\u00e7ekle\u015ftirerek, haber ve hizmet kalitesinden \u00f6d\u00fcn vermeyecek ve her zaman \u00fcyelerimizin ihtiya\u00e7lar\u0131n\u0131 kendine k\u0131lavuz olarak belirleyecektir\u2026<\/p>\n\n\n\n<p>\u00c7ok \u00f6zel s\u00fcrprizler ile haz\u0131rl\u0131klar\u0131m\u0131z\u0131 tamaml\u0131yoruz\u2026 Bir \u00e7o\u011funu tamamlad\u0131k\u2026 Her projemizle sizleri \u015fa\u015f\u0131rtaca\u011f\u0131z\u2026 \u0130n\u015fallah \u00e7ok \u00e7e\u015fitli konularla birlikte olaca\u011f\u0131z\u2026<\/p>\n\n\n\n<p>Yola \u00e7\u0131karken Medya sekt\u00f6r\u00fcnde \u00e7e\u015fitli alanlarda verilen hizmetler ile bir\u00e7ok de\u011fere katk\u0131da bulunmaya \u00e7al\u0131\u015fan bizler, bu g\u00f6revin \u00e7ok daha b\u00fcy\u00fck sorumluluklar getirdi\u011finin bilincindeyiz.<\/p>\n\n\n\n<p>Bizim \u00f6nceli\u011fimiz, bizi takip edenlerin mutlulu\u011fu. Dertlerin, sorunlar\u0131n, problemlerin \u00e7\u00f6z\u00fcm orta\u011f\u0131 olmakla birlikte t\u00fcm \u00fcyelerimizin keyifle, huzurla, g\u00fcven ile yap\u0131lacak programlar\u0131m\u0131z\u0131 sunaca\u011f\u0131z. Ve bir \u00e7ok konuda engelsiz bir seyir etmek i\u00e7in, bireysel hak ve \u00f6zg\u00fcrl\u00fcklere sayg\u0131l\u0131, toplumsal geli\u015fimi destekleyen, g\u00fcvenilir, yenilik\u00e7i, tarafs\u0131z, dinamik bir anlay\u0131\u015fla bizimle birlikte olanlara sorumluluk g\u00fcvencesiyle, fame magazin Tv d\u00fcnyas\u0131n\u0131 sizlere tan\u0131\u015ft\u0131rmak istiyoruz\u2026<\/p>\n\n\n\n<p>\u015eimdi famemagazintv.com ile sizlerleyiz\u2026 Sosyal medya kanallar\u0131 sayesinde Medya d\u00fcnyas\u0131 art\u0131k her yerde payla\u015f\u0131l\u0131yor, yay\u0131nlan\u0131yor ve daha \u00f6nemlisi daha geni\u015f kitlelere ula\u015f\u0131yor! Ancak san\u0131r\u0131m kafalar \u00e7ok net de\u011fil. Hatta \u00e7ok kar\u0131\u015f\u0131k. Bu bizim hayatta ka\u00e7\u0131rmayaca\u011f\u0131m\u0131z bir meydan okumayd\u0131 ve b\u00f6ylece famemagazintv.com ile bu platformlarda da olmak istedik\u2026<\/p>\n\n\n\n<p>Bizim \u00f6nceli\u011fimiz, \u00fcyelerimizin mutlulu\u011fu\u2026 G\u00fcvenli, mutlu ve keyifli bir ya\u015fam ya\u015famalar\u0131 i\u00e7in var g\u00fcc\u00fcm\u00fczle \u00e7al\u0131\u015f\u0131yoruz\u2026 Bunun yan\u0131 s\u0131ra, farkl\u0131 sosyal sorumluluk projeleri ile toplumsal duyarl\u0131l\u0131k yaratmak i\u00e7in, \u201cSosyal Sorumluluk Projesi\u201d olarak d\u00fc\u015f\u00fcnd\u00fc\u011f\u00fcm\u00fcz bir\u00e7ok projeyi de hayata ge\u00e7iriyoruz\u2026<\/p>\n\n\n\n<p>G\u00f6rev kabul ediyoruz\u2026 Sevgiyle, Sayg\u0131yla\u2026<\/p>\n\n\n\n<p>Ruhi An\u0131lan <\/p>\n\n\n\n<p>Kurucu Ba\u015fkan\u2026 <\/p>\n","protected":false},"excerpt":{"rendered":"<p>Merhaba, Uzun y\u0131llar sekt\u00f6rde \u00e7e\u015fitli departmanlarda g\u00f6rev alm\u0131\u015f profesyoneller, engelli dostlar\u0131m\u0131z ve profesyonel olmaya inanm\u0131\u015f arkada\u015flar\u0131m\u0131zla, sahip oldu\u011fumuz bilgi, birikim ve imkanlar\u0131m\u0131z\u0131 daha geni\u015f kitlelere yaymak faydal\u0131 olabilmek i\u00e7in kullanmam\u0131z\u0131n yararl\u0131 olaca\u011f\u0131n\u0131 biliyoruz ve buraday\u0131z\u2026 Sizlerleyiz\u2026 \u00c7ok keyifli\u2026 Hepimizin vazge\u00e7ilmez hayalleri ve hedefleri vard\u0131r. Baz\u0131lar\u0131m\u0131z her yapt\u0131\u011f\u0131 i\u015fte ba\u015far\u0131l\u0131 olmak i\u00e7in u\u011fra\u015f\u0131r, baz\u0131lar\u0131m\u0131z yaln\u0131zca mutlu [&hellip;]<\/p>\n","protected":false},"author":1,"featured_media":0,"parent":0,"menu_order":0,"comment_status":"open","ping_status":"closed","template":"","meta":{"footnotes":""},"class_list":["post-21","page","type-page","status-publish","hentry"],"_links":{"self":[{"href":"https:\/\/famelifemagazin.com\/index.php?rest_route=\/wp\/v2\/pages\/21","targetHints":{"allow":["GET"]}}],"collection":[{"href":"https:\/\/famelifemagazin.com\/index.php?rest_route=\/wp\/v2\/pages"}],"about":[{"href":"https:\/\/famelifemagazin.com\/index.php?rest_route=\/wp\/v2\/types\/page"}],"author":[{"embeddable":true,"href":"https:\/\/famelifemagazin.com\/index.php?rest_route=\/wp\/v2\/users\/1"}],"replies":[{"embeddable":true,"href":"https:\/\/famelifemagazin.com\/index.php?rest_route=%2Fwp%2Fv2%2Fcomments&post=21"}],"version-history":[{"count":2,"href":"https:\/\/famelifemagazin.com\/index.php?rest_route=\/wp\/v2\/pages\/21\/revisions"}],"predecessor-version":[{"id":3399,"href":"https:\/\/famelifemagazin.com\/index.php?rest_route=\/wp\/v2\/pages\/21\/revisions\/3399"}],"wp:attachment":[{"href":"https:\/\/famelifemagazin.com\/index.php?rest_route=%2Fwp%2Fv2%2Fmedia&parent=21"}],"curies":[{"name":"wp","href":"https:\/\/api.w.org\/{rel}","templated":true}]}}